{"id":4860,"date":"2020-12-16T16:22:19","date_gmt":"2020-12-16T16:22:19","guid":{"rendered":"https:\/\/www.bdbtalent.com\/?page_id=4860"},"modified":"2022-05-13T09:02:35","modified_gmt":"2022-05-13T09:02:35","slug":"careers-home-2","status":"publish","type":"page","link":"https:\/\/www.bdbtalent.com\/en\/careers-home-2\/","title":{"rendered":"Careers Home"},"content":{"rendered":"<p>[et_pb_section admin_label=\u00a0\u00bbsection\u00a0\u00bb]<br \/>\n\t\t\t[et_pb_row admin_label=\u00a0\u00bbrow\u00a0\u00bb]<br \/>\n\t\t\t\t[et_pb_column type=\u00a0\u00bb4_4&Prime;][et_pb_text admin_label=\u00a0\u00bbText\u00a0\u00bb]<div class=\"vc_row wpb_row vc_row-fluid\"><div class=\"wpb_column vc_column_container vc_col-sm-12\"><div class=\"vc_column-inner\"><div class=\"wpb_wrapper\">[mkdf_listing_job_search]<\/div><\/div><\/div><\/div><div class=\"vc_row wpb_row vc_row-fluid vc_custom_1509030699149 vc_column-gap-2\"><div class=\"wpb_column vc_column_container vc_col-sm-12 vc_col-lg-4 vc_col-md-12\"><div class=\"vc_column-inner\"><div class=\"wpb_wrapper\">[mkdf_icon_with_text type=\u00a0\u00bbicon-top\u00a0\u00bb icon_pack=\u00a0\u00bbfont_awesome\u00a0\u00bb fa_icon=\u00a0\u00bb\u00a0\u00bb title_tag=\u00a0\u00bbh3&Prime; custom_icon=\u00a0\u00bb4793&Prime; title=\u00a0\u00bbUne offre \u00e0 dimension internationale\u00a0\u00bb text=\u00a0\u00bbUne executive search et un cabinet de recrutement de niche par approche directe unique et dynamique. Nous couvrons le march\u00e9 fran\u00e7ais, britannique, belge et luxembourgeois.\u00a0\u00bb link=\u00a0\u00bb#\u00a0\u00bb title_color=\u00a0\u00bb#323a45&Prime; title_top_margin=\u00a0\u00bb-4&Prime; text_top_margin=\u00a0\u00bb14&Prime; text_padding=\u00a0\u00bb28px\u00a0\u00bb]<div class=\"vc_empty_space\"   style=\"height: 77px\"><span class=\"vc_empty_space_inner\"><\/span><\/div><\/div><\/div><\/div><div class=\"wpb_column vc_column_container vc_col-sm-12 vc_col-lg-4 vc_col-md-12\"><div class=\"vc_column-inner\"><div class=\"wpb_wrapper\">[mkdf_icon_with_text type=\u00a0\u00bbicon-top\u00a0\u00bb icon_pack=\u00a0\u00bbfont_awesome\u00a0\u00bb fa_icon=\u00a0\u00bb\u00a0\u00bb title_tag=\u00a0\u00bbh3&Prime; custom_icon=\u00a0\u00bb4794&Prime; title=\u00a0\u00bbUn accompagnement sur mesure\u00a0\u00bb text=\u00a0\u00bbNous cr\u00e9ons un accompagnement adapt\u00e9 et personnalis\u00e9 pour nos candidats et nos clients avec une d\u00e9marche qui se veut au plus proche de vos besoins. Pour nous, chaque recrutement est unique.\u00a0\u00bb link=\u00a0\u00bb#\u00a0\u00bb title_color=\u00a0\u00bb#323a45&Prime; title_top_margin=\u00a0\u00bb-4&Prime; text_top_margin=\u00a0\u00bb14&Prime; text_padding=\u00a0\u00bb28px\u00a0\u00bb]<div class=\"vc_empty_space\"   style=\"height: 77px\"><span class=\"vc_empty_space_inner\"><\/span><\/div><\/div><\/div><\/div><div class=\"wpb_column vc_column_container vc_col-sm-12 vc_col-lg-4 vc_col-md-12\"><div class=\"vc_column-inner\"><div class=\"wpb_wrapper\">[mkdf_icon_with_text type=\u00a0\u00bbicon-top\u00a0\u00bb icon_pack=\u00a0\u00bbfont_awesome\u00a0\u00bb fa_icon=\u00a0\u00bb\u00a0\u00bb title_tag=\u00a0\u00bbh3&Prime; custom_icon=\u00a0\u00bb4795&Prime; title=\u00a0\u00bbUne expertise de niche\u00a0\u00bb text=\u00a0\u00bbChaque Talent recruiter est sp\u00e9cialis\u00e9 au maximum sur trois m\u00e9tiers de niche analogues. Ils sont experts sur leur march\u00e9 et ont construit un r\u00e9seau \u00e9tabli aupr\u00e8s de partenaires m\u00e9tiers qui leur font confiance.\u00a0\u00bb link=\u00a0\u00bb#\u00a0\u00bb title_color=\u00a0\u00bb#323a45&Prime; title_top_margin=\u00a0\u00bb-4&Prime; text_top_margin=\u00a0\u00bb14&Prime; text_padding=\u00a0\u00bb28px\u00a0\u00bb]<div class=\"vc_empty_space\"   style=\"height: 77px\"><span class=\"vc_empty_space_inner\"><\/span><\/div><\/div><\/div><\/div><\/div><div class=\"vc_row wpb_row vc_row-fluid vc_custom_1510763835155\"><div class=\"wpb_column vc_column_container vc_col-sm-12\"><div class=\"vc_column-inner\"><div class=\"wpb_wrapper\">[mkdf_elements_holder holder_full_height=\u00a0\u00bbno\u00a0\u00bb number_of_columns=\u00a0\u00bbone-column\u00a0\u00bb switch_to_one_column=\u00a0\u00bb\u00a0\u00bb alignment_one_column=\u00a0\u00bb\u00a0\u00bb][mkdf_elements_holder_item horizontal_alignment=\u00a0\u00bbcenter\u00a0\u00bb item_padding=\u00a0\u00bb0 27%\u00a0\u00bb item_padding_1024_1280=\u00a0\u00bb0 23%\u00a0\u00bb item_padding_768_1024=\u00a0\u00bb0 10%\u00a0\u00bb item_padding_680_768=\u00a0\u00bb0 7%\u00a0\u00bb item_padding_680=\u00a0\u00bb0 3%\u00a0\u00bb][mkdf_section_title type=\u00a0\u00bbstandard\u00a0\u00bb position=\u00a0\u00bbcenter\u00a0\u00bb title_tag=\u00a0\u00bbh1&Prime; disable_break_words=\u00a0\u00bbno\u00a0\u00bb text_tag=\u00a0\u00bbp\u00a0\u00bb text_font_weight=\u00a0\u00bb\u00a0\u00bb title=\u00a0\u00bbFeatured Employers\u00a0\u00bb text=\u00a0\u00bbLorem ipsum dolor sit amet, noluisse scribentur mea ne, ludus equidem placerat ea vim. Sit civibus democritum no, at eos.\u00a0\u00bb title_color=\u00a0\u00bb#ffffff\u00a0\u00bb text_color=\u00a0\u00bb#ffffff\u00a0\u00bb text_margin=\u00a0\u00bb27&Prime;][\/mkdf_elements_holder_item][\/mkdf_elements_holder]<div class=\"vc_empty_space\"   style=\"height: 50px\"><span class=\"vc_empty_space_inner\"><\/span><\/div>[mkdf_listing_job_list type=\u00a0\u00bbdefault\u00a0\u00bb listing_list_id=\u00a0\u00bb3439,3435,3433,3355&Prime; listing_list_number=\u00a0\u00bb4&Prime; order_by=\u00a0\u00bbdate\u00a0\u00bb order=\u00a0\u00bbASC\u00a0\u00bb listing_list_columns=\u00a0\u00bb4&Prime; listing_space_between_items=\u00a0\u00bbsmall\u00a0\u00bb load_more=\u00a0\u00bbno\u00a0\u00bb listing_border=\u00a0\u00bb\u00a0\u00bb]<\/div><\/div><\/div><\/div><div class=\"vc_row wpb_row vc_row-fluid\"><div class=\"wpb_column vc_column_container vc_col-sm-12\"><div class=\"vc_column-inner\"><div class=\"wpb_wrapper\">[rev_slider slidertitle=\u00a0\u00bbHome 1.1&Prime; alias=\u00a0\u00bbhome-11&Prime;]<\/div><\/div><\/div><\/div><div class=\"vc_row wpb_row vc_row-fluid\"><div class=\"wpb_column vc_column_container vc_col-sm-12\"><div class=\"vc_column-inner\"><div class=\"wpb_wrapper\">[rev_slider slidertitle=\u00a0\u00bbHome 1.2&Prime; alias=\u00a0\u00bbhome-1.2&Prime;]<\/div><\/div><\/div><\/div><div class=\"vc_row wpb_row vc_row-fluid vc_custom_1510327312807\"><div class=\"wpb_column vc_column_container vc_col-sm-12\"><div class=\"vc_column-inner\"><div class=\"wpb_wrapper\">[mkdf_clients_carousel number_of_visible_items=\u00a0\u00bb5&Prime; slider_loop=\u00a0\u00bbno\u00a0\u00bb slider_autoplay=\u00a0\u00bbno\u00a0\u00bb slider_navigation=\u00a0\u00bbno\u00a0\u00bb slider_pagination=\u00a0\u00bbno\u00a0\u00bb items_hover_animation=\u00a0\u00bbswitch-images\u00a0\u00bb][mkdf_clients_carousel_item target=\u00a0\u00bb_self\u00a0\u00bb image=\u00a0\u00bb172&Prime; image_size=\u00a0\u00bbfull\u00a0\u00bb link=\u00a0\u00bb#\u00a0\u00bb hover_image=\u00a0\u00bb219&Prime;][\/mkdf_clients_carousel_item][mkdf_clients_carousel_item target=\u00a0\u00bb_self\u00a0\u00bb image=\u00a0\u00bb173&Prime; image_size=\u00a0\u00bbfull\u00a0\u00bb link=\u00a0\u00bb#\u00a0\u00bb hover_image=\u00a0\u00bb220&Prime;][\/mkdf_clients_carousel_item][mkdf_clients_carousel_item target=\u00a0\u00bb_self\u00a0\u00bb image=\u00a0\u00bb174&Prime; image_size=\u00a0\u00bbfull\u00a0\u00bb link=\u00a0\u00bb#\u00a0\u00bb hover_image=\u00a0\u00bb221&Prime;][\/mkdf_clients_carousel_item][mkdf_clients_carousel_item target=\u00a0\u00bb_self\u00a0\u00bb image=\u00a0\u00bb175&Prime; image_size=\u00a0\u00bbfull\u00a0\u00bb link=\u00a0\u00bb#\u00a0\u00bb hover_image=\u00a0\u00bb222&Prime;][\/mkdf_clients_carousel_item][mkdf_clients_carousel_item target=\u00a0\u00bb_self\u00a0\u00bb image=\u00a0\u00bb176&Prime; image_size=\u00a0\u00bbfull\u00a0\u00bb link=\u00a0\u00bb#\u00a0\u00bb hover_image=\u00a0\u00bb223&Prime;][\/mkdf_clients_carousel_item][\/mkdf_clients_carousel]<div class=\"vc_empty_space\"   style=\"height: 60px\"><span class=\"vc_empty_space_inner\"><\/span><\/div>[mkdf_clients_carousel number_of_visible_items=\u00a0\u00bb5&Prime; slider_loop=\u00a0\u00bbno\u00a0\u00bb slider_autoplay=\u00a0\u00bbno\u00a0\u00bb slider_navigation=\u00a0\u00bbno\u00a0\u00bb slider_pagination=\u00a0\u00bbno\u00a0\u00bb items_hover_animation=\u00a0\u00bbswitch-images\u00a0\u00bb][mkdf_clients_carousel_item target=\u00a0\u00bb_self\u00a0\u00bb image=\u00a0\u00bb177&Prime; image_size=\u00a0\u00bbfull\u00a0\u00bb link=\u00a0\u00bb#\u00a0\u00bb hover_image=\u00a0\u00bb225&Prime;][\/mkdf_clients_carousel_item][mkdf_clients_carousel_item target=\u00a0\u00bb_self\u00a0\u00bb image=\u00a0\u00bb178&Prime; image_size=\u00a0\u00bbfull\u00a0\u00bb link=\u00a0\u00bb#\u00a0\u00bb hover_image=\u00a0\u00bb226&Prime;][\/mkdf_clients_carousel_item][mkdf_clients_carousel_item target=\u00a0\u00bb_self\u00a0\u00bb image=\u00a0\u00bb179&Prime; image_size=\u00a0\u00bbfull\u00a0\u00bb link=\u00a0\u00bb#\u00a0\u00bb hover_image=\u00a0\u00bb227&Prime;][\/mkdf_clients_carousel_item][mkdf_clients_carousel_item target=\u00a0\u00bb_self\u00a0\u00bb image=\u00a0\u00bb180&Prime; image_size=\u00a0\u00bbfull\u00a0\u00bb link=\u00a0\u00bb#\u00a0\u00bb hover_image=\u00a0\u00bb228&Prime;][\/mkdf_clients_carousel_item][mkdf_clients_carousel_item target=\u00a0\u00bb_self\u00a0\u00bb image=\u00a0\u00bb181&Prime; image_size=\u00a0\u00bbfull\u00a0\u00bb link=\u00a0\u00bb#\u00a0\u00bb hover_image=\u00a0\u00bb229&Prime;][\/mkdf_clients_carousel_item][\/mkdf_clients_carousel]<div class=\"vc_empty_space\"   style=\"height: 70px\"><span class=\"vc_empty_space_inner\"><\/span><\/div>[mkdf_button type=\u00a0\u00bbsimple\u00a0\u00bb text=\u00a0\u00bball employers\u00a0\u00bb target=\u00a0\u00bb_self\u00a0\u00bb icon_pack=\u00a0\u00bbdripicons\u00a0\u00bb dripicon=\u00a0\u00bbdripicons-chevron-right\u00a0\u00bb font_weight=\u00a0\u00bb\u00a0\u00bb text_transform=\u00a0\u00bbuppercase\u00a0\u00bb link=\u00a0\u00bbhttp:\/\/staffscout.mikado-themes.com\/job-list\/\u00a0\u00bb]<\/div><\/div><\/div><\/div><div class=\"vc_row wpb_row vc_row-fluid vc_custom_1510763202891 vc_row-has-fill\"><div class=\"wpb_column vc_column_container vc_col-sm-12\"><div class=\"vc_column-inner\"><div class=\"wpb_wrapper\">[rev_slider_vc alias=\u00a0\u00bbhome-8-content\u00a0\u00bb enable_paspartu=\u00a0\u00bbno\u00a0\u00bb]<\/div><\/div><\/div><\/div><div class=\"vc_row wpb_row vc_row-fluid vc_custom_1510230294297\"><div class=\"wpb_column vc_column_container vc_col-sm-12\"><div class=\"vc_column-inner\"><div class=\"wpb_wrapper\">[mkdf_section_title type=\u00a0\u00bbstandard\u00a0\u00bb position=\u00a0\u00bbcenter\u00a0\u00bb title_tag=\u00a0\u00bbh4&Prime; disable_break_words=\u00a0\u00bbno\u00a0\u00bb text_tag=\u00a0\u00bbh1&Prime; text_font_weight=\u00a0\u00bb\u00a0\u00bb title=\u00a0\u00bbLifetime Opportunity\u00a0\u00bb title_color=\u00a0\u00bb#ff3366&Prime; text=\u00a0\u00bbFind Your Staff Today!\u00a0\u00bb text_margin=\u00a0\u00bb8&Prime;]<div class=\"vc_empty_space\"   style=\"height: 55px\"><span class=\"vc_empty_space_inner\"><\/span><\/div><\/div><\/div><\/div><\/div><div class=\"vc_row wpb_row vc_row-fluid vc_custom_1510230197106\"><div class=\"wpb_column vc_column_container vc_col-sm-12\"><div class=\"vc_column-inner\"><div class=\"wpb_wrapper\">\n\t<div class=\"wpb_text_column wpb_content_element\" >\n\t\t<div class=\"wpb_wrapper\">\n\t\t\t<p>[mkdf_listing_resume_advanced_search load_more=\u00a0\u00bbyes\u00a0\u00bb content_in_grid=\u00a0\u00bbyes\u00a0\u00bb enable_map=\u00a0\u00bbno\u00a0\u00bb enable_sidebar=\u00a0\u00bbno\u00a0\u00bb keyword_search=\u00a0\u00bbyes\u00a0\u00bb location_search=\u00a0\u00bbyes\u00a0\u00bb category_search=\u00a0\u00bbyes\u00a0\u00bb item_type=\u00a0\u00bblist\u00a0\u00bb number=\u00a0\u00bb5&Prime;]<\/p>\n\n\t\t<\/div>\n\t<\/div>\n<\/div><\/div><\/div><\/div><div class=\"vc_row wpb_row vc_row-fluid vc_custom_1508324677896\"><div class=\"wpb_column vc_column_container vc_col-sm-12\"><div class=\"vc_column-inner\"><div class=\"wpb_wrapper\">\n\t<div class=\"wpb_text_column wpb_content_element\" >\n\t\t<div class=\"wpb_wrapper\">\n\t\t\t<h2 style=\"text-align: center;\"><span style=\"color: #ffffff;\">Join Staff Scout Now &amp; Get A Discount!<\/span><\/h2>\n\n\t\t<\/div>\n\t<\/div>\n<div class=\"vc_empty_space\"   style=\"height: 50px\"><span class=\"vc_empty_space_inner\"><\/span><\/div>[contact-form-7 id=\u00a0\u00bb4&Prime; html_class=\u00a0\u00bbcf7_custom_style_2&Prime;]<div class=\"vc_empty_space\"   style=\"height: 10px\"><span class=\"vc_empty_space_inner\"><\/span><\/div>\n\t<div class=\"wpb_text_column wpb_content_element\" >\n\t\t<div class=\"wpb_wrapper\">\n\t\t\t<p style=\"text-align: center;\"><span style=\"color: #97a1a9;\">By clicking \u00ab\u00a0Get Started\u201c I agree to job Hunter&rsquo;s Terms of Service.<\/span><\/p>\n\n\t\t<\/div>\n\t<\/div>\n<\/div><\/div><\/div><\/div>[\/et_pb_text][\/et_pb_column]<br \/>\n\t\t\t[\/et_pb_row]<br \/>\n\t\t[\/et_pb_section]<\/p>","protected":false},"excerpt":{"rendered":"<p><div class=\"vc_row wpb_row vc_row-fluid\"><div class=\"wpb_column vc_column_container vc_col-sm-12\"><div class=\"vc_column-inner\"><div class=\"wpb_wrapper\">[mkdf_listing_job_search]<\/div><\/div><\/div><\/div><div class=\"vc_row wpb_row vc_row-fluid vc_custom_1509030699149 vc_column-gap-2\"><\/div><div class=\"wpb_column vc_column_container vc_col-sm-12 vc_col-lg-4 vc_col-md-12\"><div class=\"vc_column-inner\"><div class=\"wpb_wrapper\">[mkdf_icon_with_text type=\u00a0\u00bbicon-top\u00a0\u00bb icon_pack=\u00a0\u00bbfont_awesome\u00a0\u00bb fa_icon=\u00a0\u00bb\u00a0\u00bb title_tag=\u00a0\u00bbh3&Prime; custom_icon=\u00a0\u00bb4793&Prime; title=\u00a0\u00bbUne offre \u00e0 dimension internationale\u00a0\u00bb text=\u00a0\u00bbUne executive search et un cabinet de recrutement de niche par approche directe unique et dynamique. Nous couvrons le march\u00e9 fran\u00e7ais, britannique, belge et luxembourgeois.\u00a0\u00bb link=\u00a0\u00bb#\u00a0\u00bb title_color=\u00a0\u00bb#323a45&Prime; title_top_margin=\u00a0\u00bb-4&Prime; text_top_margin=\u00a0\u00bb14&Prime; text_padding=\u00a0\u00bb28px\u00a0\u00bb]<div class=\"vc_empty_space\"   style=\"height: 77px\"><span class=\"vc_empty_space_inner\"><\/span><\/div><\/div><\/div><\/div><div class=\"wpb_column vc_column_container vc_col-sm-12 vc_col-lg-4 vc_col-md-12\"><div class=\"vc_column-inner\"><div class=\"wpb_wrapper\"><\/div><\/div><\/div>[mkdf_icon_with_text type=\u00a0\u00bbicon-top\u00a0\u00bb [&hellip;]<\/p>","protected":false},"author":1,"featured_media":0,"parent":0,"menu_order":0,"comment_status":"closed","ping_status":"closed","template":"","meta":{"_et_pb_use_builder":"on","_et_pb_old_content":"[vc_row][vc_column][mkdf_listing_job_search][\/vc_column][\/vc_row][vc_row gap=\"2\" row_content_width=\"grid\" simple_background_color=\"#ffffff\" css=\".vc_custom_1509030699149{padding-top: 104px !important;padding-bottom: 22px !important;}\"][vc_column offset=\"vc_col-lg-4 vc_col-md-12\"][mkdf_icon_with_text type=\"icon-top\" icon_pack=\"font_awesome\" fa_icon=\"\" title_tag=\"h3\" custom_icon=\"4793\" title=\"Une offre \u00e0 dimension internationale\" text=\"Une executive search et un cabinet de recrutement de niche par approche directe unique et dynamique. Nous couvrons le march\u00e9 fran\u00e7ais, britannique, belge et luxembourgeois.\" link=\"#\" title_color=\"#323a45\" title_top_margin=\"-4\" text_top_margin=\"14\" text_padding=\"28px\"][vc_empty_space height=\"77px\"][\/vc_column][vc_column offset=\"vc_col-lg-4 vc_col-md-12\"][mkdf_icon_with_text type=\"icon-top\" icon_pack=\"font_awesome\" fa_icon=\"\" title_tag=\"h3\" custom_icon=\"4794\" title=\"Un accompagnement sur mesure\" text=\"Nous cr\u00e9ons un accompagnement adapt\u00e9 et personnalis\u00e9 pour nos candidats et nos clients avec une d\u00e9marche qui se veut au plus proche de vos besoins. Pour nous, chaque recrutement est unique.\" link=\"#\" title_color=\"#323a45\" title_top_margin=\"-4\" text_top_margin=\"14\" text_padding=\"28px\"][vc_empty_space height=\"77px\"][\/vc_column][vc_column offset=\"vc_col-lg-4 vc_col-md-12\"][mkdf_icon_with_text type=\"icon-top\" icon_pack=\"font_awesome\" fa_icon=\"\" title_tag=\"h3\" custom_icon=\"4795\" title=\"Une expertise de niche\" text=\"Chaque Talent recruiter est sp\u00e9cialis\u00e9 au maximum sur trois m\u00e9tiers de niche analogues. Ils sont experts sur leur march\u00e9 et ont construit un r\u00e9seau \u00e9tabli aupr\u00e8s de partenaires m\u00e9tiers qui leur font confiance.\" link=\"#\" title_color=\"#323a45\" title_top_margin=\"-4\" text_top_margin=\"14\" text_padding=\"28px\"][vc_empty_space height=\"77px\"][\/vc_column][\/vc_row][vc_row row_content_width=\"grid\" disable_background_image=\"\" css=\".vc_custom_1510763835155{padding-top: 113px !important;padding-bottom: 109px !important;}\" simple_background_image=\"2332\"][vc_column][mkdf_elements_holder holder_full_height=\"no\" number_of_columns=\"one-column\" switch_to_one_column=\"\" alignment_one_column=\"\"][mkdf_elements_holder_item horizontal_alignment=\"center\" item_padding=\"0 27%\" item_padding_1024_1280=\"0 23%\" item_padding_768_1024=\"0 10%\" item_padding_680_768=\"0 7%\" item_padding_680=\"0 3%\"][mkdf_section_title type=\"standard\" position=\"center\" title_tag=\"h1\" disable_break_words=\"no\" text_tag=\"p\" text_font_weight=\"\" title=\"Featured Employers\" text=\"Lorem ipsum dolor sit amet, noluisse scribentur mea ne, ludus equidem placerat ea vim. Sit civibus democritum no, at eos.\" title_color=\"#ffffff\" text_color=\"#ffffff\" text_margin=\"27\"][\/mkdf_elements_holder_item][\/mkdf_elements_holder][vc_empty_space height=\"50px\"][mkdf_listing_job_list type=\"default\" listing_list_id=\"3439,3435,3433,3355\" listing_list_number=\"4\" order_by=\"date\" order=\"ASC\" listing_list_columns=\"4\" listing_space_between_items=\"small\" load_more=\"no\" listing_border=\"\"][\/vc_column][\/vc_row][vc_row][vc_column][rev_slider slidertitle=\"Home 1.1\" alias=\"home-11\"][\/vc_column][\/vc_row][vc_row][vc_column][rev_slider slidertitle=\"Home 1.2\" alias=\"home-1.2\"][\/vc_column][\/vc_row][vc_row row_content_width=\"grid\" content_text_aligment=\"center\" css=\".vc_custom_1510327312807{padding-top: 10px !important;padding-right: 2% !important;padding-bottom: 50px !important;padding-left: 2% !important;}\"][vc_column][mkdf_clients_carousel number_of_visible_items=\"5\" slider_loop=\"no\" slider_autoplay=\"no\" slider_navigation=\"no\" slider_pagination=\"no\" items_hover_animation=\"switch-images\"][mkdf_clients_carousel_item target=\"_self\" image=\"172\" image_size=\"full\" link=\"#\" hover_image=\"219\"][\/mkdf_clients_carousel_item][mkdf_clients_carousel_item target=\"_self\" image=\"173\" image_size=\"full\" link=\"#\" hover_image=\"220\"][\/mkdf_clients_carousel_item][mkdf_clients_carousel_item target=\"_self\" image=\"174\" image_size=\"full\" link=\"#\" hover_image=\"221\"][\/mkdf_clients_carousel_item][mkdf_clients_carousel_item target=\"_self\" image=\"175\" image_size=\"full\" link=\"#\" hover_image=\"222\"][\/mkdf_clients_carousel_item][mkdf_clients_carousel_item target=\"_self\" image=\"176\" image_size=\"full\" link=\"#\" hover_image=\"223\"][\/mkdf_clients_carousel_item][\/mkdf_clients_carousel][vc_empty_space height=\"60px\"][mkdf_clients_carousel number_of_visible_items=\"5\" slider_loop=\"no\" slider_autoplay=\"no\" slider_navigation=\"no\" slider_pagination=\"no\" items_hover_animation=\"switch-images\"][mkdf_clients_carousel_item target=\"_self\" image=\"177\" image_size=\"full\" link=\"#\" hover_image=\"225\"][\/mkdf_clients_carousel_item][mkdf_clients_carousel_item target=\"_self\" image=\"178\" image_size=\"full\" link=\"#\" hover_image=\"226\"][\/mkdf_clients_carousel_item][mkdf_clients_carousel_item target=\"_self\" image=\"179\" image_size=\"full\" link=\"#\" hover_image=\"227\"][\/mkdf_clients_carousel_item][mkdf_clients_carousel_item target=\"_self\" image=\"180\" image_size=\"full\" link=\"#\" hover_image=\"228\"][\/mkdf_clients_carousel_item][mkdf_clients_carousel_item target=\"_self\" image=\"181\" image_size=\"full\" link=\"#\" hover_image=\"229\"][\/mkdf_clients_carousel_item][\/mkdf_clients_carousel][vc_empty_space height=\"70px\"][mkdf_button type=\"simple\" text=\"all employers\" target=\"_self\" icon_pack=\"dripicons\" dripicon=\"dripicons-chevron-right\" font_weight=\"\" text_transform=\"uppercase\" link=\"http:\/\/staffscout.mikado-themes.com\/job-list\/\"][\/vc_column][\/vc_row][vc_row css=\".vc_custom_1510763202891{background-color: #fdfdfd !important;}\"][vc_column][rev_slider_vc alias=\"home-8-content\" enable_paspartu=\"no\"][\/vc_column][\/vc_row][vc_row row_content_width=\"grid\" content_text_aligment=\"left\" css=\".vc_custom_1510230294297{padding-top: 45px !important;}\" simple_background_color=\"#ffffff\"][vc_column][mkdf_section_title type=\"standard\" position=\"center\" title_tag=\"h4\" disable_break_words=\"no\" text_tag=\"h1\" text_font_weight=\"\" title=\"Lifetime Opportunity\" title_color=\"#ff3366\" text=\"Find Your Staff Today!\" text_margin=\"8\"][vc_empty_space height=\"55px\"][\/vc_column][\/vc_row][vc_row row_content_width=\"grid\" simple_background_color=\"#ffffff\" css=\".vc_custom_1510230197106{padding-bottom: 100px !important;}\"][vc_column][vc_column_text][mkdf_listing_resume_advanced_search load_more=\"yes\" content_in_grid=\"yes\" enable_map=\"no\" enable_sidebar=\"no\" keyword_search=\"yes\" location_search=\"yes\" category_search=\"yes\" item_type=\"list\" number=\"5\"][\/vc_column_text][\/vc_column][\/vc_row][vc_row row_content_width=\"grid\" css=\".vc_custom_1508324677896{padding-top: 14.2% !important;padding-bottom: 13.8% !important;}\" parallax_background_image=\"547\"][vc_column][vc_column_text]\r\n<h2 style=\"text-align: center;\"><span style=\"color: #ffffff;\">Join Staff Scout Now &amp; Get A Discount!<\/span><\/h2>\r\n[\/vc_column_text][vc_empty_space height=\"50px\"][contact-form-7 id=\"4\" html_class=\"cf7_custom_style_2\"][vc_empty_space height=\"10px\"][vc_column_text]\r\n<p style=\"text-align: center;\"><span style=\"color: #97a1a9;\">By clicking \"Get Started\u201c I agree to job Hunter's Terms of Service.<\/span><\/p>\r\n[\/vc_column_text][\/vc_column][\/vc_row]","_et_gb_content_width":"","footnotes":""},"class_list":["post-4860","page","type-page","status-publish","hentry"],"yoast_head":"<!-- This site is optimized with the Yoast SEO plugin v25.3.1 - https:\/\/yoast.com\/wordpress\/plugins\/seo\/ -->\n<title>Careers Home - BDB Talent<\/title>\n<meta name=\"robots\" content=\"index, follow, max-snippet:-1, max-image-preview:large, max-video-preview:-1\" \/>\n<link rel=\"canonical\" href=\"https:\/\/www.bdbtalent.com\/en\/careers-home-2\/\" \/>\n<meta property=\"og:locale\" content=\"en_US\" \/>\n<meta property=\"og:type\" content=\"article\" \/>\n<meta property=\"og:title\" content=\"Careers Home - BDB Talent\" \/>\n<meta property=\"og:description\" content=\"[mkdf_icon_with_text type=&quot;icon-top&quot; [&hellip;]\" \/>\n<meta property=\"og:url\" content=\"https:\/\/www.bdbtalent.com\/en\/careers-home-2\/\" \/>\n<meta property=\"og:site_name\" content=\"BDB Talent\" \/>\n<meta property=\"article:modified_time\" content=\"2022-05-13T09:02:35+00:00\" \/>\n<meta name=\"twitter:card\" content=\"summary_large_image\" \/>\n<meta name=\"twitter:label1\" content=\"Est. reading time\" \/>\n\t<meta name=\"twitter:data1\" content=\"5 minutes\" \/>\n<script type=\"application\/ld+json\" class=\"yoast-schema-graph\">{\"@context\":\"https:\/\/schema.org\",\"@graph\":[{\"@type\":\"WebPage\",\"@id\":\"https:\/\/www.bdbtalent.com\/careers-home-2\/\",\"url\":\"https:\/\/www.bdbtalent.com\/careers-home-2\/\",\"name\":\"Careers Home - BDB Talent\",\"isPartOf\":{\"@id\":\"https:\/\/www.bdbtalent.com\/#website\"},\"datePublished\":\"2020-12-16T16:22:19+00:00\",\"dateModified\":\"2022-05-13T09:02:35+00:00\",\"breadcrumb\":{\"@id\":\"https:\/\/www.bdbtalent.com\/careers-home-2\/#breadcrumb\"},\"inLanguage\":\"en-US\",\"potentialAction\":[{\"@type\":\"ReadAction\",\"target\":[\"https:\/\/www.bdbtalent.com\/careers-home-2\/\"]}]},{\"@type\":\"BreadcrumbList\",\"@id\":\"https:\/\/www.bdbtalent.com\/careers-home-2\/#breadcrumb\",\"itemListElement\":[{\"@type\":\"ListItem\",\"position\":1,\"name\":\"Accueil\",\"item\":\"https:\/\/www.bdbtalent.com\/\"},{\"@type\":\"ListItem\",\"position\":2,\"name\":\"Careers Home\"}]},{\"@type\":\"WebSite\",\"@id\":\"https:\/\/www.bdbtalent.com\/#website\",\"url\":\"https:\/\/www.bdbtalent.com\/\",\"name\":\"BDB Talent\",\"description\":\"Cabinet de recrutement\",\"potentialAction\":[{\"@type\":\"SearchAction\",\"target\":{\"@type\":\"EntryPoint\",\"urlTemplate\":\"https:\/\/www.bdbtalent.com\/?s={search_term_string}\"},\"query-input\":{\"@type\":\"PropertyValueSpecification\",\"valueRequired\":true,\"valueName\":\"search_term_string\"}}],\"inLanguage\":\"en-US\"}]}<\/script>\n<!-- \/ Yoast SEO plugin. -->","yoast_head_json":{"title":"Careers Home - BDB Talent","robots":{"index":"index","follow":"follow","max-snippet":"max-snippet:-1","max-image-preview":"max-image-preview:large","max-video-preview":"max-video-preview:-1"},"canonical":"https:\/\/www.bdbtalent.com\/en\/careers-home-2\/","og_locale":"en_US","og_type":"article","og_title":"Careers Home - BDB Talent","og_description":"[mkdf_icon_with_text type=\"icon-top\" [&hellip;]","og_url":"https:\/\/www.bdbtalent.com\/en\/careers-home-2\/","og_site_name":"BDB Talent","article_modified_time":"2022-05-13T09:02:35+00:00","twitter_card":"summary_large_image","twitter_misc":{"Est. reading time":"5 minutes"},"schema":{"@context":"https:\/\/schema.org","@graph":[{"@type":"WebPage","@id":"https:\/\/www.bdbtalent.com\/careers-home-2\/","url":"https:\/\/www.bdbtalent.com\/careers-home-2\/","name":"Careers Home - BDB Talent","isPartOf":{"@id":"https:\/\/www.bdbtalent.com\/#website"},"datePublished":"2020-12-16T16:22:19+00:00","dateModified":"2022-05-13T09:02:35+00:00","breadcrumb":{"@id":"https:\/\/www.bdbtalent.com\/careers-home-2\/#breadcrumb"},"inLanguage":"en-US","potentialAction":[{"@type":"ReadAction","target":["https:\/\/www.bdbtalent.com\/careers-home-2\/"]}]},{"@type":"BreadcrumbList","@id":"https:\/\/www.bdbtalent.com\/careers-home-2\/#breadcrumb","itemListElement":[{"@type":"ListItem","position":1,"name":"Accueil","item":"https:\/\/www.bdbtalent.com\/"},{"@type":"ListItem","position":2,"name":"Careers Home"}]},{"@type":"WebSite","@id":"https:\/\/www.bdbtalent.com\/#website","url":"https:\/\/www.bdbtalent.com\/","name":"BDB Talent","description":"Cabinet de recrutement","potentialAction":[{"@type":"SearchAction","target":{"@type":"EntryPoint","urlTemplate":"https:\/\/www.bdbtalent.com\/?s={search_term_string}"},"query-input":{"@type":"PropertyValueSpecification","valueRequired":true,"valueName":"search_term_string"}}],"inLanguage":"en-US"}]}},"_links":{"self":[{"href":"https:\/\/www.bdbtalent.com\/en\/wp-json\/wp\/v2\/pages\/4860","targetHints":{"allow":["GET"]}}],"collection":[{"href":"https:\/\/www.bdbtalent.com\/en\/wp-json\/wp\/v2\/pages"}],"about":[{"href":"https:\/\/www.bdbtalent.com\/en\/wp-json\/wp\/v2\/types\/page"}],"author":[{"embeddable":true,"href":"https:\/\/www.bdbtalent.com\/en\/wp-json\/wp\/v2\/users\/1"}],"replies":[{"embeddable":true,"href":"https:\/\/www.bdbtalent.com\/en\/wp-json\/wp\/v2\/comments?post=4860"}],"version-history":[{"count":2,"href":"https:\/\/www.bdbtalent.com\/en\/wp-json\/wp\/v2\/pages\/4860\/revisions"}],"predecessor-version":[{"id":5326,"href":"https:\/\/www.bdbtalent.com\/en\/wp-json\/wp\/v2\/pages\/4860\/revisions\/5326"}],"wp:attachment":[{"href":"https:\/\/www.bdbtalent.com\/en\/wp-json\/wp\/v2\/media?parent=4860"}],"curies":[{"name":"wp","href":"https:\/\/api.w.org\/{rel}","templated":true}]}}